{"id":985,"date":"2024-10-22T19:07:00","date_gmt":"2024-10-22T19:07:00","guid":{"rendered":"https:\/\/limpiezadana.com\/?page_id=985"},"modified":"2024-10-22T19:27:57","modified_gmt":"2024-10-22T19:27:57","slug":"declaracion-de-accesibiliad","status":"publish","type":"page","link":"https:\/\/limpiezadana.com\/ro\/declaracion-de-accesibiliad\/","title":{"rendered":"Declaraci\u00f3n de Accesibiliad"},"content":{"rendered":"<div class=\"wpb-content-wrapper\"><style><\/style><div class=\"vc_row wpb_row vc_row-fluid content-dark data-bg-color-6a09171bce926 row-z-index-6a09171bce926\" ><style><\/style><div class=\"wpb_column vc_column_container content-dark vc_col-sm-12 column-z-index-6a09171bcea56\"> \n        <div class=\"vc_column-inner\"> \n            <div class=\"wpb_wrapper\"><div class=\"wpb_text_column wpb_content_element\" >\n\t\t<div class=\"wpb_wrapper\">\n\t\t\t<h3 class=\"wp-block-heading\">Pol\u00edtica de Accesibilidad<\/h3>\n<p>En la construcci\u00f3n de la p\u00e1gina web de https:\/\/limpiezadana.com\/ se han adoptado medidas con el objetivo de que el mayor n\u00famero posible de personas puedan llegar a la informaci\u00f3n que se transmite en ella, independientemente de las limitaciones de la persona o de las que se deriven del contexto de uso.<\/p>\n<p>As\u00ed, en la confecci\u00f3n del portal se han tenido en cuenta los siguientes aspectos:<\/p>\n<ul class=\"wp-block-list\">\n<li>Uso de CSS para la presentaci\u00f3n de la informaci\u00f3n.<\/li>\n<li>Etiquetas de marcaje.<\/li>\n<li>Sistemas de navegaci\u00f3n usables, intuitivos y alternativos.<\/li>\n<li>Descripciones alternativas en las im\u00e1genes.<\/li>\n<li>Verificaciones en la visualizaci\u00f3n con diferentes navegadores y dispositivos.<\/li>\n<li>Utilizaci\u00f3n de formatos universales y alternativos.<\/li>\n<li>Los enlaces ofrecen detalles de la funci\u00f3n o destino del hiperv\u00ednculo.<\/li>\n<li>Uso de los est\u00e1ndares del W3C.<\/li>\n<li>Acceso mediante atajos teclado a las principales opciones.<\/li>\n<\/ul>\n<h3 class=\"wp-block-heading\">Cumplimiento de los est\u00e1ndares<\/h3>\n<p>Las p\u00e1ginas de este sitio Web cumplen la marca AA seg\u00fan la Norma UNE 139803:2004 y las Directrices de Accesibilidad para el Contenido Web 1.0 del W3C. Todos los requisitos de Prioridad 1 y Prioridad 2 y un subconjunto de los requisitos de Prioridad 3 han sido comprobados con un an\u00e1lisis manual de la accesibilidad a trav\u00e9s de diferentes herramientas semi-autom\u00e1ticas y agentes de usuario.<\/p>\n<h3 class=\"wp-block-heading\">Atajos de teclado<\/h3>\n<p>En esta Web puede hacer saltos ordenados en el contenido con la tecla Tab.<\/p>\n<h3 class=\"wp-block-heading\">Tama\u00f1o del texto<\/h3>\n<p>El dise\u00f1o accesible permite que el usuario pueda ajustar las fuentes al tama\u00f1o que le convenga. Esta acci\u00f3n puede llevarse a cabo de diferentes maneras seg\u00fan el navegador web que se utilice. A continuaci\u00f3n se indica la acci\u00f3n de men\u00fa donde se encuentra esta funcionalidad en los navegadores m\u00e1s frecuentes:<\/p>\n<ul class=\"wp-block-list\">\n<li>Mozilla Firefox: Ver &gt; Tama\u00f1o de texto &gt; Incrementar Internet<\/li>\n<li>Internet Explorer: Ver &gt; Tama\u00f1o de texto &gt; M\u00e1s grande<\/li>\n<li>Opera: View &gt; Zoom &gt; %<\/li>\n<li>Safari: View &gt; Make text bigger<\/li>\n<li>Google Chrome: Herramientas &gt; Zoom<\/li>\n<\/ul>\n<h3 class=\"wp-block-heading\">Configuraci\u00f3n t\u00e9cnica<\/h3>\n<p>Las p\u00e1ginas web est\u00e1n creadas con el CMS WordPress 6.1.1.<\/p>\n<h3 class=\"wp-block-heading\">Informaci\u00f3n \u00fatil sobre la accesibilidad<\/h3>\n<p>Seguidamente se exponen una serie de enlaces organizados en diferentes categor\u00edas \u00fatiles para obtener m\u00e1s informaci\u00f3n sobre la accesibilidad.<\/p>\n<h4 class=\"wp-block-heading\">Accesibilidad normas y documentos t\u00e9cnicos:<\/h4>\n<p><a href=\"http:\/\/www.w3c.org\/\" target=\"_blank\" rel=\"noreferrer noopener\">http:\/\/www.w3c.org\/<\/a><br \/>\nConsorcio World Wide Web, grupo de trabajo de \u00e1mbito internacional que dicta l\u00edneas generales relacionadas con la web.<\/p>\n<p><a href=\"http:\/\/www.w3c.org\/wai\/\" target=\"_blank\" rel=\"noreferrer noopener\">http:\/\/www.w3c.org\/wai\/<\/a><br \/>\nIniciativa de Accesibilidad Web del W3C.<\/p>\n\n\t\t<\/div>\n\t<\/div> \n            <\/div> \n        <\/div>\n    <\/div><\/div>\n<\/div>","protected":false},"excerpt":{"rendered":"Pol\u00edtica de Accesibilidad En la construcci\u00f3n de la p\u00e1gina web de https:\/\/limpiezadana.com\/ se han adoptado medidas con el objetivo de que el mayor n\u00famero posible de personas puedan llegar a la informaci\u00f3n que se transmite en ella, independientemente de las limitaciones de la persona o de las que se deriven del contexto de uso. As\u00ed, [...]","protected":false},"author":1,"featured_media":0,"parent":0,"menu_order":0,"comment_status":"closed","ping_status":"closed","template":"","meta":{"_acf_changed":false,"footnotes":""},"class_list":["post-985","page","type-page","status-publish","hentry"],"acf":[],"yoast_head":"<!-- This site is optimized with the Yoast SEO plugin v24.5 - https:\/\/yoast.com\/wordpress\/plugins\/seo\/ -->\n<title>Declaraci\u00f3n de Accesibiliad - Limpieza lizidana<\/title>\n<meta name=\"robots\" content=\"index, follow, max-snippet:-1, max-image-preview:large, max-video-preview:-1\" \/>\n<link rel=\"canonical\" href=\"https:\/\/limpiezadana.com\/ro\/declaracion-de-accesibiliad\/\" \/>\n<meta property=\"og:locale\" content=\"ro_RO\" \/>\n<meta property=\"og:type\" content=\"article\" \/>\n<meta property=\"og:title\" content=\"Declaraci\u00f3n de Accesibiliad - Limpieza lizidana\" \/>\n<meta property=\"og:url\" content=\"https:\/\/limpiezadana.com\/ro\/declaracion-de-accesibiliad\/\" \/>\n<meta property=\"og:site_name\" content=\"Limpieza lizidana\" \/>\n<meta property=\"article:publisher\" content=\"https:\/\/www.facebook.com\/share\/mQBC1XeGYx5fhyPn\/\" \/>\n<meta property=\"article:modified_time\" content=\"2024-10-22T19:27:57+00:00\" \/>\n<meta name=\"twitter:card\" content=\"summary_large_image\" \/>\n<meta name=\"twitter:label1\" content=\"Timp estimat pentru citire\" \/>\n\t<meta name=\"twitter:data1\" content=\"2 minute\" \/>\n<script type=\"application\/ld+json\" class=\"yoast-schema-graph\">{\"@context\":\"https:\/\/schema.org\",\"@graph\":[{\"@type\":\"WebPage\",\"@id\":\"https:\/\/limpiezadana.com\/declaracion-de-accesibiliad\/\",\"url\":\"https:\/\/limpiezadana.com\/declaracion-de-accesibiliad\/\",\"name\":\"Declaraci\u00f3n de Accesibiliad - Limpieza lizidana\",\"isPartOf\":{\"@id\":\"https:\/\/limpiezadana.com\/#website\"},\"datePublished\":\"2024-10-22T19:07:00+00:00\",\"dateModified\":\"2024-10-22T19:27:57+00:00\",\"breadcrumb\":{\"@id\":\"https:\/\/limpiezadana.com\/declaracion-de-accesibiliad\/#breadcrumb\"},\"inLanguage\":\"ro-RO\",\"potentialAction\":[{\"@type\":\"ReadAction\",\"target\":[\"https:\/\/limpiezadana.com\/declaracion-de-accesibiliad\/\"]}]},{\"@type\":\"BreadcrumbList\",\"@id\":\"https:\/\/limpiezadana.com\/declaracion-de-accesibiliad\/#breadcrumb\",\"itemListElement\":[{\"@type\":\"ListItem\",\"position\":1,\"name\":\"Portada\",\"item\":\"https:\/\/limpiezadana.com\/\"},{\"@type\":\"ListItem\",\"position\":2,\"name\":\"Declaraci\u00f3n de Accesibiliad\"}]},{\"@type\":\"WebSite\",\"@id\":\"https:\/\/limpiezadana.com\/#website\",\"url\":\"https:\/\/limpiezadana.com\/\",\"name\":\"Limpieza Dana\",\"description\":\"\",\"potentialAction\":[{\"@type\":\"SearchAction\",\"target\":{\"@type\":\"EntryPoint\",\"urlTemplate\":\"https:\/\/limpiezadana.com\/?s={search_term_string}\"},\"query-input\":{\"@type\":\"PropertyValueSpecification\",\"valueRequired\":true,\"valueName\":\"search_term_string\"}}],\"inLanguage\":\"ro-RO\"}]}<\/script>\n<!-- \/ Yoast SEO plugin. -->","yoast_head_json":{"title":"Declaraci\u00f3n de Accesibiliad - Limpieza lizidana","robots":{"index":"index","follow":"follow","max-snippet":"max-snippet:-1","max-image-preview":"max-image-preview:large","max-video-preview":"max-video-preview:-1"},"canonical":"https:\/\/limpiezadana.com\/ro\/declaracion-de-accesibiliad\/","og_locale":"ro_RO","og_type":"article","og_title":"Declaraci\u00f3n de Accesibiliad - Limpieza lizidana","og_url":"https:\/\/limpiezadana.com\/ro\/declaracion-de-accesibiliad\/","og_site_name":"Limpieza lizidana","article_publisher":"https:\/\/www.facebook.com\/share\/mQBC1XeGYx5fhyPn\/","article_modified_time":"2024-10-22T19:27:57+00:00","twitter_card":"summary_large_image","twitter_misc":{"Timp estimat pentru citire":"2 minute"},"schema":{"@context":"https:\/\/schema.org","@graph":[{"@type":"WebPage","@id":"https:\/\/limpiezadana.com\/declaracion-de-accesibiliad\/","url":"https:\/\/limpiezadana.com\/declaracion-de-accesibiliad\/","name":"Declaraci\u00f3n de Accesibiliad - Limpieza lizidana","isPartOf":{"@id":"https:\/\/limpiezadana.com\/#website"},"datePublished":"2024-10-22T19:07:00+00:00","dateModified":"2024-10-22T19:27:57+00:00","breadcrumb":{"@id":"https:\/\/limpiezadana.com\/declaracion-de-accesibiliad\/#breadcrumb"},"inLanguage":"ro-RO","potentialAction":[{"@type":"ReadAction","target":["https:\/\/limpiezadana.com\/declaracion-de-accesibiliad\/"]}]},{"@type":"BreadcrumbList","@id":"https:\/\/limpiezadana.com\/declaracion-de-accesibiliad\/#breadcrumb","itemListElement":[{"@type":"ListItem","position":1,"name":"Portada","item":"https:\/\/limpiezadana.com\/"},{"@type":"ListItem","position":2,"name":"Declaraci\u00f3n de Accesibiliad"}]},{"@type":"WebSite","@id":"https:\/\/limpiezadana.com\/#website","url":"https:\/\/limpiezadana.com\/","name":"Limpieza Dana","description":"","potentialAction":[{"@type":"SearchAction","target":{"@type":"EntryPoint","urlTemplate":"https:\/\/limpiezadana.com\/?s={search_term_string}"},"query-input":{"@type":"PropertyValueSpecification","valueRequired":true,"valueName":"search_term_string"}}],"inLanguage":"ro-RO"}]}},"_links":{"self":[{"href":"https:\/\/limpiezadana.com\/ro\/wp-json\/wp\/v2\/pages\/985","targetHints":{"allow":["GET"]}}],"collection":[{"href":"https:\/\/limpiezadana.com\/ro\/wp-json\/wp\/v2\/pages"}],"about":[{"href":"https:\/\/limpiezadana.com\/ro\/wp-json\/wp\/v2\/types\/page"}],"author":[{"embeddable":true,"href":"https:\/\/limpiezadana.com\/ro\/wp-json\/wp\/v2\/users\/1"}],"replies":[{"embeddable":true,"href":"https:\/\/limpiezadana.com\/ro\/wp-json\/wp\/v2\/comments?post=985"}],"version-history":[{"count":2,"href":"https:\/\/limpiezadana.com\/ro\/wp-json\/wp\/v2\/pages\/985\/revisions"}],"predecessor-version":[{"id":1003,"href":"https:\/\/limpiezadana.com\/ro\/wp-json\/wp\/v2\/pages\/985\/revisions\/1003"}],"wp:attachment":[{"href":"https:\/\/limpiezadana.com\/ro\/wp-json\/wp\/v2\/media?parent=985"}],"curies":[{"name":"wp","href":"https:\/\/api.w.org\/{rel}","templated":true}]}}